{"id":11,"date":"2020-03-12T08:50:28","date_gmt":"2020-03-12T08:50:28","guid":{"rendered":"https:\/\/demosoledad.pencidesign.net\/soledad-market-intelligence-firm-multipurpose\/?page_id=11"},"modified":"2024-08-05T02:10:15","modified_gmt":"2024-08-05T02:10:15","slug":"sobre-nosotros","status":"publish","type":"page","link":"https:\/\/grupoengloba.com\/?page_id=11","title":{"rendered":"Sobre Nosotros"},"content":{"rendered":"\t\t<div data-elementor-type=\"wp-page\" data-elementor-id=\"11\" class=\"elementor elementor-11\">\n\t\t\t\t\t\t<section class=\"penci-section penci-dmcheck penci-elbg-activate penci-disSticky penci-structure-20 elementor-section elementor-top-section elementor-element elementor-element-c010f65 elementor-section-content-middle elementor-section-boxed elementor-section-height-default elementor-section-height-default\" data-id=\"c010f65\" data-element_type=\"section\" data-settings=\"{&quot;background_background&quot;:&quot;classic&quot;}\">\n\t\t\t\t\t\t<div class=\"elementor-container elementor-column-gap-wider\">\n\t\t\t\t\t<div class=\"penci-ercol-50 penci-ercol-order-1 penci-sticky-ct    elementor-column elementor-col-50 elementor-top-column elementor-element elementor-element-b470c76\" data-id=\"b470c76\" data-element_type=\"column\">\n\t\t\t<div class=\"elementor-widget-wrap elementor-element-populated\">\n\t\t\t\t\t\t<div class=\"elementor-element elementor-element-2b9b12b elementor-widget elementor-widget-penci-fancy_heading\" data-id=\"2b9b12b\" data-element_type=\"widget\" data-widget_type=\"penci-fancy_heading.default\">\n\t\t\t\t<div class=\"elementor-widget-container\">\n\t\t\t\t\t\t\t<div class=\"penci-fancy-heading penci-heading-text-left\">\n\t\t\t<div class=\"penci-fancy-heading-inner\">\n\t\t\t\t<h2 class=\"penci-heading-title\"><span class=\"inner-tit\">Sobre Nosotros<\/span><\/h2>\t\t\t<\/div>\n\t\t<\/div>\n\t\t\t\t\t\t<\/div>\n\t\t\t\t<\/div>\n\t\t\t\t\t<\/div>\n\t\t<\/div>\n\t\t\t\t<div class=\"penci-ercol-50 penci-ercol-order-2 penci-sticky-ct    elementor-column elementor-col-50 elementor-top-column elementor-element elementor-element-41d223b\" data-id=\"41d223b\" data-element_type=\"column\">\n\t\t\t<div class=\"elementor-widget-wrap\">\n\t\t\t\t\t\t\t<\/div>\n\t\t<\/div>\n\t\t\t\t\t<\/div>\n\t\t<\/section>\n\t\t\t\t<section class=\"penci-section penci-disSticky penci-structure-21 elementor-section elementor-top-section elementor-element elementor-element-2a0dfd7 elementor-section-boxed elementor-section-height-default elementor-section-height-default\" data-id=\"2a0dfd7\" data-element_type=\"section\">\n\t\t\t\t\t\t<div class=\"elementor-container elementor-column-gap-extended\">\n\t\t\t\t\t<div class=\"penci-ercol-33 penci-ercol-order-1 penci-sticky-sb penci-sidebarSC   elementor-column elementor-col-33 elementor-top-column elementor-element elementor-element-c300aa4\" data-id=\"c300aa4\" data-element_type=\"column\">\n\t\t\t<div class=\"elementor-widget-wrap elementor-element-populated\">\n\t\t\t\t\t\t<div class=\"elementor-element elementor-element-50ee14b elementor-widget elementor-widget-penci-fancy_heading\" data-id=\"50ee14b\" data-element_type=\"widget\" data-widget_type=\"penci-fancy_heading.default\">\n\t\t\t\t<div class=\"elementor-widget-container\">\n\t\t\t\t\t\t\t<div class=\"penci-fancy-heading penci-heading-text-left\">\n\t\t\t<div class=\"penci-fancy-heading-inner\">\n\t\t\t\t<div class=\"penci-heading-subtitle\">Negocios Globales<\/div><h2 class=\"penci-heading-title\"><span class=\"inner-tit\">Soluciones globales | Asesor\u00eda experta<\/span><\/h2>\t\t\t<\/div>\n\t\t<\/div>\n\t\t\t\t\t\t<\/div>\n\t\t\t\t<\/div>\n\t\t\t\t<div class=\"elementor-element elementor-element-2e3e508 elementor-widget elementor-widget-button\" data-id=\"2e3e508\" data-element_type=\"widget\" data-widget_type=\"button.default\">\n\t\t\t\t<div class=\"elementor-widget-container\">\n\t\t\t\t\t\t\t\t\t<div class=\"elementor-button-wrapper\">\n\t\t\t\t\t<a class=\"elementor-button elementor-button-link elementor-size-lg\" href=\"https:\/\/grupoengloba.com\/contactenos\/\">\n\t\t\t\t\t\t<span class=\"elementor-button-content-wrapper\">\n\t\t\t\t\t\t\t\t\t<span class=\"elementor-button-text\">Contacte con nosotros<\/span>\n\t\t\t\t\t<\/span>\n\t\t\t\t\t<\/a>\n\t\t\t\t<\/div>\n\t\t\t\t\t\t\t\t<\/div>\n\t\t\t\t<\/div>\n\t\t\t\t\t<\/div>\n\t\t<\/div>\n\t\t\t\t<div class=\"penci-ercol-66 penci-ercol-order-2 penci-sticky-ct    elementor-column elementor-col-66 elementor-top-column elementor-element elementor-element-0431e86\" data-id=\"0431e86\" data-element_type=\"column\">\n\t\t\t<div class=\"elementor-widget-wrap elementor-element-populated\">\n\t\t\t\t\t\t<div class=\"elementor-element elementor-element-4b246f1 elementor-widget elementor-widget-image\" data-id=\"4b246f1\" data-element_type=\"widget\" data-widget_type=\"image.default\">\n\t\t\t\t<div class=\"elementor-widget-container\">\n\t\t\t\t\t\t\t\t\t\t\t\t\t\t\t<img fetchpriority=\"high\" decoding=\"async\" width=\"1024\" height=\"576\" src=\"https:\/\/grupoengloba.com\/wp-content\/uploads\/2020\/03\/9-1024x576.jpg\" class=\"attachment-large size-large wp-image-1018\" alt=\"\" srcset=\"https:\/\/grupoengloba.com\/wp-content\/uploads\/2020\/03\/9-1024x576.jpg 1024w, https:\/\/grupoengloba.com\/wp-content\/uploads\/2020\/03\/9-300x169.jpg 300w, https:\/\/grupoengloba.com\/wp-content\/uploads\/2020\/03\/9-768x432.jpg 768w, https:\/\/grupoengloba.com\/wp-content\/uploads\/2020\/03\/9-1536x864.jpg 1536w, https:\/\/grupoengloba.com\/wp-content\/uploads\/2020\/03\/9-1200x675.jpg 1200w, https:\/\/grupoengloba.com\/wp-content\/uploads\/2020\/03\/9-1170x658.jpg 1170w, https:\/\/grupoengloba.com\/wp-content\/uploads\/2020\/03\/9-585x329.jpg 585w, https:\/\/grupoengloba.com\/wp-content\/uploads\/2020\/03\/9.jpg 1920w\" sizes=\"(max-width: 1024px) 100vw, 1024px\" \/>\t\t\t\t\t\t\t\t\t\t\t\t\t\t\t<\/div>\n\t\t\t\t<\/div>\n\t\t\t\t\t<\/div>\n\t\t<\/div>\n\t\t\t\t\t<\/div>\n\t\t<\/section>\n\t\t\t\t<section class=\"penci-section penci-dmcheck penci-elbg-activate penci-disSticky penci-structure-20 elementor-section elementor-top-section elementor-element elementor-element-413070b elementor-section-content-middle elementor-section-boxed elementor-section-height-default elementor-section-height-default\" data-id=\"413070b\" data-element_type=\"section\" data-settings=\"{&quot;background_background&quot;:&quot;classic&quot;}\">\n\t\t\t\t\t\t<div class=\"elementor-container elementor-column-gap-wider\">\n\t\t\t\t\t<div class=\"penci-ercol-50 penci-ercol-order-1 penci-sticky-ct    elementor-column elementor-col-50 elementor-top-column elementor-element elementor-element-2e003b6\" data-id=\"2e003b6\" data-element_type=\"column\">\n\t\t\t<div class=\"elementor-widget-wrap elementor-element-populated\">\n\t\t\t\t\t\t<div class=\"elementor-element elementor-element-005fb2e elementor-widget elementor-widget-image\" data-id=\"005fb2e\" data-element_type=\"widget\" data-widget_type=\"image.default\">\n\t\t\t\t<div class=\"elementor-widget-container\">\n\t\t\t\t\t\t\t\t\t\t\t\t\t\t\t<img decoding=\"async\" width=\"1024\" height=\"683\" src=\"https:\/\/grupoengloba.com\/wp-content\/uploads\/2020\/03\/10-1024x683.jpg\" class=\"attachment-large size-large wp-image-1028\" alt=\"\" srcset=\"https:\/\/grupoengloba.com\/wp-content\/uploads\/2020\/03\/10-1024x683.jpg 1024w, https:\/\/grupoengloba.com\/wp-content\/uploads\/2020\/03\/10-300x200.jpg 300w, https:\/\/grupoengloba.com\/wp-content\/uploads\/2020\/03\/10-768x512.jpg 768w, https:\/\/grupoengloba.com\/wp-content\/uploads\/2020\/03\/10-1536x1024.jpg 1536w, https:\/\/grupoengloba.com\/wp-content\/uploads\/2020\/03\/10-1170x780.jpg 1170w, https:\/\/grupoengloba.com\/wp-content\/uploads\/2020\/03\/10-585x390.jpg 585w, https:\/\/grupoengloba.com\/wp-content\/uploads\/2020\/03\/10-263x175.jpg 263w, https:\/\/grupoengloba.com\/wp-content\/uploads\/2020\/03\/10.jpg 1920w\" sizes=\"(max-width: 1024px) 100vw, 1024px\" \/>\t\t\t\t\t\t\t\t\t\t\t\t\t\t\t<\/div>\n\t\t\t\t<\/div>\n\t\t\t\t\t<\/div>\n\t\t<\/div>\n\t\t\t\t<div class=\"penci-ercol-50 penci-ercol-order-2 penci-sticky-ct    elementor-column elementor-col-50 elementor-top-column elementor-element elementor-element-2e8dabd\" data-id=\"2e8dabd\" data-element_type=\"column\">\n\t\t\t<div class=\"elementor-widget-wrap elementor-element-populated\">\n\t\t\t\t\t\t<div class=\"elementor-element elementor-element-a995e16 elementor-widget elementor-widget-penci-fancy_heading\" data-id=\"a995e16\" data-element_type=\"widget\" data-widget_type=\"penci-fancy_heading.default\">\n\t\t\t\t<div class=\"elementor-widget-container\">\n\t\t\t\t\t\t\t<div class=\"penci-fancy-heading penci-heading-text-left\">\n\t\t\t<div class=\"penci-fancy-heading-inner\">\n\t\t\t\t<div class=\"penci-heading-subtitle\">Sobre Nosotros<\/div><h2 class=\"penci-heading-title\"><span class=\"inner-tit\">Nuestra Historia<\/span><\/h2><div class=\"penci-heading-content entry-content\"><p>En Grupo de Inversiones Engloba, somos una empresa joven que inici\u00f3 en 2014. Formamos parte de un grupo de empresas que impactan diversos sectores de la econom\u00eda.<\/p>\n<p>El n\u00facleo de nuestro negocio est\u00e1 en el servicio. Nos enorgullece ofrecer y soluciones transparentes que tienen un impacto positivo en la operaci\u00f3n de cada empresa que elige nuestros productos o servicios.  Trabajamos arduamente para superar expectativas, brindando un trato amable, atento y personalizado en cada interacci\u00f3n.<\/p>\n<p>Nos regimos por principios \u00e9ticos s\u00f3lidos: honestidad y diligencia. Valoramos la transparencia y buscamos establecer relaciones basadas en la confianza mutua con nuestros clientes, socios y empleados.<\/p>\n<\/div>\t\t\t<\/div>\n\t\t<\/div>\n\t\t\t\t\t\t<\/div>\n\t\t\t\t<\/div>\n\t\t\t\t\t<\/div>\n\t\t<\/div>\n\t\t\t\t\t<\/div>\n\t\t<\/section>\n\t\t\t\t<section class=\"penci-section penci-disSticky penci-structure-30 elementor-section elementor-top-section elementor-element elementor-element-8ca4a24 elementor-section-content-middle elementor-section-boxed elementor-section-height-default elementor-section-height-default\" data-id=\"8ca4a24\" data-element_type=\"section\">\n\t\t\t\t\t\t<div class=\"elementor-container elementor-column-gap-no\">\n\t\t\t\t\t<div class=\"penci-ercol-33 penci-ercol-order-1 penci-sticky-sb penci-sidebarSC penci-dmcheck penci-elbg-activate  elementor-column elementor-col-33 elementor-top-column elementor-element elementor-element-9491dfa\" data-id=\"9491dfa\" data-element_type=\"column\" data-settings=\"{&quot;background_background&quot;:&quot;classic&quot;}\">\n\t\t\t<div class=\"elementor-widget-wrap elementor-element-populated\">\n\t\t\t\t\t\t<div class=\"elementor-element elementor-element-c711408 elementor-widget elementor-widget-penci-fancy_heading\" data-id=\"c711408\" data-element_type=\"widget\" data-widget_type=\"penci-fancy_heading.default\">\n\t\t\t\t<div class=\"elementor-widget-container\">\n\t\t\t\t\t\t\t<div class=\"penci-fancy-heading penci-heading-text-left\">\n\t\t\t<div class=\"penci-fancy-heading-inner\">\n\t\t\t\t<div class=\"penci-heading-subtitle\">Sobre Nosotros<\/div><h2 class=\"penci-heading-title\"><span class=\"inner-tit\">Nuestra Misi\u00f3n<\/span><\/h2><div class=\"penci-heading-content entry-content\"><p>Ideamos y realizamos las infraestructuras y proporcionamos los servicios que nuestros clientes requieren para llevar a cabo su actividad, aportando soluciones adaptadas a sus necesidades, buscando el compromiso entre las expectativas del cliente, la calidad y la rentabilidad de nuestro trabajo.<\/p>\n<\/div>\t\t\t<\/div>\n\t\t<\/div>\n\t\t\t\t\t\t<\/div>\n\t\t\t\t<\/div>\n\t\t\t\t<div class=\"elementor-element elementor-element-1046728 elementor-widget elementor-widget-button\" data-id=\"1046728\" data-element_type=\"widget\" data-widget_type=\"button.default\">\n\t\t\t\t<div class=\"elementor-widget-container\">\n\t\t\t\t\t\t\t\t\t<div class=\"elementor-button-wrapper\">\n\t\t\t\t\t<a class=\"elementor-button elementor-button-link elementor-size-sm\" href=\"https:\/\/grupoengloba.com\/contactenos\/\">\n\t\t\t\t\t\t<span class=\"elementor-button-content-wrapper\">\n\t\t\t\t\t\t\t\t\t<span class=\"elementor-button-text\">H\u00e1blemos<\/span>\n\t\t\t\t\t<\/span>\n\t\t\t\t\t<\/a>\n\t\t\t\t<\/div>\n\t\t\t\t\t\t\t\t<\/div>\n\t\t\t\t<\/div>\n\t\t\t\t\t<\/div>\n\t\t<\/div>\n\t\t\t\t<div class=\"penci-ercol-33 penci-ercol-order-2 penci-sticky-sb penci-sidebarSC   elementor-column elementor-col-33 elementor-top-column elementor-element elementor-element-51bff94\" data-id=\"51bff94\" data-element_type=\"column\">\n\t\t\t<div class=\"elementor-widget-wrap elementor-element-populated\">\n\t\t\t\t\t\t<div class=\"elementor-element elementor-element-110f239 elementor-widget elementor-widget-image\" data-id=\"110f239\" data-element_type=\"widget\" data-widget_type=\"image.default\">\n\t\t\t\t<div class=\"elementor-widget-container\">\n\t\t\t\t\t\t\t\t\t\t\t\t\t\t\t<img decoding=\"async\" width=\"683\" height=\"1024\" src=\"https:\/\/grupoengloba.com\/wp-content\/uploads\/2020\/03\/2-683x1024.jpg\" class=\"attachment-large size-large wp-image-66\" alt=\"\" srcset=\"https:\/\/grupoengloba.com\/wp-content\/uploads\/2020\/03\/2-683x1024.jpg 683w, https:\/\/grupoengloba.com\/wp-content\/uploads\/2020\/03\/2-200x300.jpg 200w, https:\/\/grupoengloba.com\/wp-content\/uploads\/2020\/03\/2-768x1152.jpg 768w, https:\/\/grupoengloba.com\/wp-content\/uploads\/2020\/03\/2-1024x1536.jpg 1024w, https:\/\/grupoengloba.com\/wp-content\/uploads\/2020\/03\/2-1170x1755.jpg 1170w, https:\/\/grupoengloba.com\/wp-content\/uploads\/2020\/03\/2-585x878.jpg 585w, https:\/\/grupoengloba.com\/wp-content\/uploads\/2020\/03\/2.jpg 1200w\" sizes=\"(max-width: 683px) 100vw, 683px\" \/>\t\t\t\t\t\t\t\t\t\t\t\t\t\t\t<\/div>\n\t\t\t\t<\/div>\n\t\t\t\t\t<\/div>\n\t\t<\/div>\n\t\t\t\t<div class=\"penci-ercol-33 penci-ercol-order-3 penci-sticky-sb penci-sidebarSC penci-dmcheck penci-elbg-activate  elementor-column elementor-col-33 elementor-top-column elementor-element elementor-element-8e7f06b\" data-id=\"8e7f06b\" data-element_type=\"column\" data-settings=\"{&quot;background_background&quot;:&quot;classic&quot;}\">\n\t\t\t<div class=\"elementor-widget-wrap elementor-element-populated\">\n\t\t\t\t\t\t<div class=\"elementor-element elementor-element-8985822 elementor-widget elementor-widget-penci-fancy_heading\" data-id=\"8985822\" data-element_type=\"widget\" data-widget_type=\"penci-fancy_heading.default\">\n\t\t\t\t<div class=\"elementor-widget-container\">\n\t\t\t\t\t\t\t<div class=\"penci-fancy-heading penci-heading-text-left\">\n\t\t\t<div class=\"penci-fancy-heading-inner\">\n\t\t\t\t<div class=\"penci-heading-subtitle\">sobre nosotros<\/div><h2 class=\"penci-heading-title\"><span class=\"inner-tit\">Nuestra visi\u00f3n<\/span><\/h2><div class=\"penci-heading-content entry-content\"><p>Queremos ser un Grupo empresarial consolidado y reconocido en los sectores en los que trabajamos, formado por empresas especialistas en el desarrollo de diferentes infraestructuras cuyo desempe\u00f1o sea apreciado por todos nosotros, nuestros clientes, nuestros proveedores, nuestros competidores y la sociedad en general. Promoveremos un funcionamiento conjuntado de todas nuestras empresas para obtener el mejor resultado posible. Queremos ser un Grupo de empresas en el que la gente quiera trabajar.<\/p>\n<\/div>\t\t\t<\/div>\n\t\t<\/div>\n\t\t\t\t\t\t<\/div>\n\t\t\t\t<\/div>\n\t\t\t\t<div class=\"elementor-element elementor-element-0b3343a elementor-widget elementor-widget-button\" data-id=\"0b3343a\" data-element_type=\"widget\" data-widget_type=\"button.default\">\n\t\t\t\t<div class=\"elementor-widget-container\">\n\t\t\t\t\t\t\t\t\t<div class=\"elementor-button-wrapper\">\n\t\t\t\t\t<a class=\"elementor-button elementor-button-link elementor-size-sm\" href=\"https:\/\/grupoengloba.com\/contactenos\/\">\n\t\t\t\t\t\t<span class=\"elementor-button-content-wrapper\">\n\t\t\t\t\t\t\t\t\t<span class=\"elementor-button-text\">H\u00e1blemos<\/span>\n\t\t\t\t\t<\/span>\n\t\t\t\t\t<\/a>\n\t\t\t\t<\/div>\n\t\t\t\t\t\t\t\t<\/div>\n\t\t\t\t<\/div>\n\t\t\t\t\t<\/div>\n\t\t<\/div>\n\t\t\t\t\t<\/div>\n\t\t<\/section>\n\t\t\t\t<\/div>\n\t\t","protected":false},"excerpt":{"rendered":"<p>Sobre Nosotros Negocios Globales Soluciones globales | Asesor\u00eda experta Contacte con nosotros Sobre Nosotros Nuestra Historia En Grupo de Inversiones Engloba, somos una empresa joven que inici\u00f3 en 2014. Formamos&hellip;<\/p>\n","protected":false},"author":1,"featured_media":0,"parent":0,"menu_order":0,"comment_status":"closed","ping_status":"closed","template":"page-fullwidth.php","meta":{"content-type":"","_lmt_disableupdate":"","_lmt_disable":"","footnotes":""},"class_list":["post-11","page","type-page","status-publish","hentry"],"_links":{"self":[{"href":"https:\/\/grupoengloba.com\/index.php?rest_route=\/wp\/v2\/pages\/11","targetHints":{"allow":["GET"]}}],"collection":[{"href":"https:\/\/grupoengloba.com\/index.php?rest_route=\/wp\/v2\/pages"}],"about":[{"href":"https:\/\/grupoengloba.com\/index.php?rest_route=\/wp\/v2\/types\/page"}],"author":[{"embeddable":true,"href":"https:\/\/grupoengloba.com\/index.php?rest_route=\/wp\/v2\/users\/1"}],"replies":[{"embeddable":true,"href":"https:\/\/grupoengloba.com\/index.php?rest_route=%2Fwp%2Fv2%2Fcomments&post=11"}],"version-history":[{"count":35,"href":"https:\/\/grupoengloba.com\/index.php?rest_route=\/wp\/v2\/pages\/11\/revisions"}],"predecessor-version":[{"id":1245,"href":"https:\/\/grupoengloba.com\/index.php?rest_route=\/wp\/v2\/pages\/11\/revisions\/1245"}],"wp:attachment":[{"href":"https:\/\/grupoengloba.com\/index.php?rest_route=%2Fwp%2Fv2%2Fmedia&parent=11"}],"curies":[{"name":"wp","href":"https:\/\/api.w.org\/{rel}","templated":true}]}}