{"id":16,"date":"2020-03-12T08:56:39","date_gmt":"2020-03-12T08:56:39","guid":{"rendered":"https:\/\/demosoledad.pencidesign.net\/soledad-market-intelligence-firm-multipurpose\/?page_id=16"},"modified":"2024-08-05T05:06:57","modified_gmt":"2024-08-05T05:06:57","slug":"nuestro-blog","status":"publish","type":"page","link":"https:\/\/grupoengloba.com\/?page_id=16","title":{"rendered":"Nuestro Blog"},"content":{"rendered":"\t\t<div data-elementor-type=\"wp-page\" data-elementor-id=\"16\" class=\"elementor elementor-16\">\n\t\t\t\t\t\t<section class=\"penci-section penci-dmcheck penci-elbg-activate penci-disSticky penci-structure-20 elementor-section elementor-top-section elementor-element elementor-element-2367150 elementor-section-content-middle elementor-section-boxed elementor-section-height-default elementor-section-height-default\" data-id=\"2367150\" data-element_type=\"section\" data-settings=\"{&quot;background_background&quot;:&quot;classic&quot;}\">\n\t\t\t\t\t\t<div class=\"elementor-container elementor-column-gap-wider\">\n\t\t\t\t\t<div class=\"penci-ercol-50 penci-ercol-order-1 penci-sticky-ct    elementor-column elementor-col-50 elementor-top-column elementor-element elementor-element-c5bce55\" data-id=\"c5bce55\" data-element_type=\"column\">\n\t\t\t<div class=\"elementor-widget-wrap elementor-element-populated\">\n\t\t\t\t\t\t<div class=\"elementor-element elementor-element-6b8c4bb elementor-widget elementor-widget-penci-fancy_heading\" data-id=\"6b8c4bb\" data-element_type=\"widget\" data-widget_type=\"penci-fancy_heading.default\">\n\t\t\t\t<div class=\"elementor-widget-container\">\n\t\t\t\t\t\t\t<div class=\"penci-fancy-heading penci-heading-text-left\">\n\t\t\t<div class=\"penci-fancy-heading-inner\">\n\t\t\t\t<h2 class=\"penci-heading-title\"><span class=\"inner-tit\">Nuestro Blog<\/span><\/h2><div class=\"penci-heading-content entry-content\"><p>Aqu\u00ed encontrar\u00e1s informaci\u00f3n sobre noticias variadas de negocios, tecnol\u00f3gicas, finanzas y m\u00e1s.<\/p>\n<\/div>\t\t\t<\/div>\n\t\t<\/div>\n\t\t\t\t\t\t<\/div>\n\t\t\t\t<\/div>\n\t\t\t\t\t<\/div>\n\t\t<\/div>\n\t\t\t\t<div class=\"penci-ercol-50 penci-ercol-order-2 penci-sticky-ct    elementor-column elementor-col-50 elementor-top-column elementor-element elementor-element-36d953e\" data-id=\"36d953e\" data-element_type=\"column\">\n\t\t\t<div class=\"elementor-widget-wrap\">\n\t\t\t\t\t\t\t<\/div>\n\t\t<\/div>\n\t\t\t\t\t<\/div>\n\t\t<\/section>\n\t\t\t\t<section class=\"penci-section penci-disSticky penci-structure-10 elementor-section elementor-top-section elementor-element elementor-element-4c158c4 elementor-section-boxed elementor-section-height-default elementor-section-height-default\" data-id=\"4c158c4\" data-element_type=\"section\">\n\t\t\t\t\t\t<div class=\"elementor-container elementor-column-gap-narrow\">\n\t\t\t\t\t<div class=\"penci-ercol-100 penci-ercol-order-1 penci-sticky-ct    elementor-column elementor-col-100 elementor-top-column elementor-element elementor-element-ecd0c58\" data-id=\"ecd0c58\" data-element_type=\"column\">\n\t\t\t<div class=\"elementor-widget-wrap elementor-element-populated\">\n\t\t\t\t\t\t<div class=\"elementor-element elementor-element-0ac205d elementor-widget elementor-widget-penci-latest-posts\" data-id=\"0ac205d\" data-element_type=\"widget\" data-widget_type=\"penci-latest-posts.default\">\n\t\t\t\t<div class=\"elementor-widget-container\">\n\t\t\t\t\t                <div id=\"pencilatest_posts_95038\" class=\"penci-latest-posts-sc penci-latest-posts-grid-2 penci-latest-posts-el pencipw-hd-text penci-el-mixed-s1 penci-latest-posts-left penci-std-continue-center penci-std-excerpt-center penci-grid-excerpt-left\">\n\t\t\t\t\t                    <div class=\"penci-wrapper-posts-ajax\">\n\n                        <div class=\"penci-wrapper-posts-content pwid-default\">\n\n\t\t\t\t\t\t\t\t\t\t\t\t\t\t\t                                <ul class=\"penci-wrapper-data penci-grid penci-shortcode-render\">\t\t\t\t\t\t\t\t\t\t\t\t\t\t\t\t\t\t\t\t<li class=\"grid-style grid-2-style\">\n    <article id=\"post-910\" class=\"item hentry\">\n\t\t            <div class=\"thumbnail\">\n\t\t\t\t\n<span class=\"penci-bf-follow-post-wrapper penci-bf-follow-btn-wrapper penci-pf-display-icon pcbf-size-normal\">\n\t\t\n    <button data-status=\"1\" data-thumb=\"https:\/\/grupoengloba.com\/wp-content\/uploads\/2017\/07\/inteligencia-artificial.webp\"\n            data-posttitle=\"C\u00f3mo afecta a los ciudadanos la nueva ley de inteligencia artificial de la Uni\u00f3n Europea.\"\n            data-postid=\"910\" data-current-postid=\"\"\n            data-follow-text=\"Bookmark\" data-following-text=\"Bookmarked\"\n            data-unfollow-text=\"Un-Bookmark\"\n            class=\"penci-bf-follow-button penci-bf-button penci-bf-guest-btn \">\n        <span class=\"pencibf-following-text\">Bookmark<\/span>\n    <\/button>\n\n\t<\/span><!-- penci-bf-follow-post-wrapper -->\t\t\t\t                    <a class=\"penci-image-holder penci-lazy\"\n                       data-bgset=\"https:\/\/grupoengloba.com\/wp-content\/uploads\/2017\/07\/inteligencia-artificial-585x360.webp\"\n                       href=\"https:\/\/grupoengloba.com\/?p=910\" title=\"C\u00f3mo afecta a los ciudadanos la nueva ley de inteligencia artificial de la Uni\u00f3n Europea.\">\n                    <\/a>\n\t\t\t\t\n\t\t\t\t\t\t\t\t\t\t\t\t\t\t\t\t\t\t\t\t\t\t\t\t\t\t\t\t\t\t\t\t\t            <\/div>\n\t\t\n        <div class=\"grid-header-box\">\n\t\t\t                <span class=\"cat\"><a style=\"\" class=\"penci-cat-name penci-cat-2\" href=\"https:\/\/grupoengloba.com\/?cat=2\"  rel=\"category tag\"><span style=\"\">Inteligencia artificial<\/span><\/a><\/span>\n\t\t\t\n            <h2 class=\"penci-entry-title entry-title grid-title\"><a\n                        href=\"https:\/\/grupoengloba.com\/?p=910\">C\u00f3mo afecta a los ciudadanos la nueva ley de inteligencia artificial de la Uni\u00f3n Europea.<\/a>\n            <\/h2>\n\t\t\t\t\t<div class=\"penci-hide-tagupdated\">\n\t\t\t<span class=\"author-italic author vcard\">por \t\t\t\t\t\t\t\t\t\t<a class=\"author-url url fn n\"\n\t\t\t\t\t\t\t\t\t\t\thref=\"https:\/\/grupoengloba.com\/?author=1\">admin<\/a>\n\t\t\t\t\t\t\t\t\t<\/span>\n\t\t\t<time class=\"entry-date published\" datetime=\"2017-07-11T03:26:25+00:00\">julio 11, 2017<\/time>\t\t<\/div>\n\t\t\t\t\t\t                <div class=\"grid-post-box-meta\">\n\t\t\t\t\t                        <span class=\"otherl-date-author author-italic author vcard\">por                                 <a class=\"author-url url fn n\"\n                                   href=\"https:\/\/grupoengloba.com\/?author=1\">admin<\/a>\n\t\t\t\t\t\t\t<\/span>\n\t\t\t\t\t\t\t\t\t\t                        <span class=\"otherl-date\"><time class=\"entry-date published\" datetime=\"2017-07-11T03:26:25+00:00\">julio 11, 2017<\/time><\/span>\n\t\t\t\t\t\t\t\t\t\t\t\t\t\t\t\t\t\t\t\t\t\t\t\t\t                <\/div>\n\t\t\t        <\/div>\n\n\t\t            <div class=\"item-content entry-content\">\n\t\t\t\t<p>Esta tecnolog\u00eda sigue planteando inc\u00f3gnitas sobre su impacto en el empleo o la productividad. Es la primera ley integral del mundo sobre Inteligencia &#8230;<\/p>\n            <\/div>\n\t\t\n\t\t\n\t\t    <\/article>\n<\/li>\n<li class=\"grid-style grid-2-style\">\n    <article id=\"post-908\" class=\"item hentry\">\n\t\t            <div class=\"thumbnail\">\n\t\t\t\t\n<span class=\"penci-bf-follow-post-wrapper penci-bf-follow-btn-wrapper penci-pf-display-icon pcbf-size-normal\">\n\t\t\n    <button data-status=\"1\" data-thumb=\"https:\/\/grupoengloba.com\/wp-content\/uploads\/2017\/07\/SCH6BY2MF5AKHDPRS5UY7JSHWE.avif\"\n            data-posttitle=\"Qu\u00e9 pasa si el apocalipsis llega a la Tierra: esta mochila del creador de ChatGPT lo podr\u00eda evitar\"\n            data-postid=\"908\" data-current-postid=\"\"\n            data-follow-text=\"Bookmark\" data-following-text=\"Bookmarked\"\n            data-unfollow-text=\"Un-Bookmark\"\n            class=\"penci-bf-follow-button penci-bf-button penci-bf-guest-btn \">\n        <span class=\"pencibf-following-text\">Bookmark<\/span>\n    <\/button>\n\n\t<\/span><!-- penci-bf-follow-post-wrapper -->\t\t\t\t                    <a class=\"penci-image-holder penci-lazy\"\n                       data-bgset=\"https:\/\/grupoengloba.com\/wp-content\/uploads\/2017\/07\/SCH6BY2MF5AKHDPRS5UY7JSHWE-585x390.avif\"\n                       href=\"https:\/\/grupoengloba.com\/?p=908\" title=\"Qu\u00e9 pasa si el apocalipsis llega a la Tierra: esta mochila del creador de ChatGPT lo podr\u00eda evitar\">\n                    <\/a>\n\t\t\t\t\n\t\t\t\t\t\t\t\t\t\t\t\t\t\t\t\t\t\t\t\t\t\t\t\t\t\t\t\t\t\t\t\t\t            <\/div>\n\t\t\n        <div class=\"grid-header-box\">\n\t\t\t                <span class=\"cat\"><a style=\"\" class=\"penci-cat-name penci-cat-2\" href=\"https:\/\/grupoengloba.com\/?cat=2\"  rel=\"category tag\"><span style=\"\">Inteligencia artificial<\/span><\/a><a style=\"\" class=\"penci-cat-name penci-cat-4\" href=\"https:\/\/grupoengloba.com\/?cat=4\"  rel=\"category tag\"><span style=\"\">Mercado<\/span><\/a><\/span>\n\t\t\t\n            <h2 class=\"penci-entry-title entry-title grid-title\"><a\n                        href=\"https:\/\/grupoengloba.com\/?p=908\">Qu\u00e9 pasa si el apocalipsis llega a la Tierra: esta mochila del creador de ChatGPT lo podr\u00eda evitar<\/a>\n            <\/h2>\n\t\t\t\t\t<div class=\"penci-hide-tagupdated\">\n\t\t\t<span class=\"author-italic author vcard\">por \t\t\t\t\t\t\t\t\t\t<a class=\"author-url url fn n\"\n\t\t\t\t\t\t\t\t\t\t\thref=\"https:\/\/grupoengloba.com\/?author=1\">admin<\/a>\n\t\t\t\t\t\t\t\t\t<\/span>\n\t\t\t<time class=\"entry-date published\" datetime=\"2017-07-11T03:26:07+00:00\">julio 11, 2017<\/time>\t\t<\/div>\n\t\t\t\t\t\t                <div class=\"grid-post-box-meta\">\n\t\t\t\t\t                        <span class=\"otherl-date-author author-italic author vcard\">por                                 <a class=\"author-url url fn n\"\n                                   href=\"https:\/\/grupoengloba.com\/?author=1\">admin<\/a>\n\t\t\t\t\t\t\t<\/span>\n\t\t\t\t\t\t\t\t\t\t                        <span class=\"otherl-date\"><time class=\"entry-date published\" datetime=\"2017-07-11T03:26:07+00:00\">julio 11, 2017<\/time><\/span>\n\t\t\t\t\t\t\t\t\t\t\t\t\t\t\t\t\t\t\t\t\t\t\t\t\t                <\/div>\n\t\t\t        <\/div>\n\n\t\t            <div class=\"item-content entry-content\">\n\t\t\t\t<p>Sam Altman no se separa de su maleta, que est\u00e1 dise\u00f1ada para resistir condiciones extremas. Adentro tiene contenido que puede salvar a la &#8230;<\/p>\n            <\/div>\n\t\t\n\t\t\n\t\t    <\/article>\n<\/li>\n\n\t\t\t\t\t\t\t\t\t\t\t\t\t\t\t\t\t\t\t\t\t\t\t\t\t\t\t\t<\/ul>\n\t\t\t\t\t\t\t\t\t\t\t\t\t\t\t\t\t\t\t\t\t                        <\/div>\n\n\t\t\t\t\t\t                    <\/div>\n                <\/div>\n\t\t\t            <style>\n                                                                                                                                #pencilatest_posts_95038                .list-post .header-list-style:after,\n                #pencilatest_posts_95038 .grid-header-box:after,\n                #pencilatest_posts_95038 .penci-overlay-over .overlay-header-box:after,\n                #pencilatest_posts_95038 .home-featured-cat-content .first-post .magcat-detail .mag-header:after {\n                    content: none;\n                }\n                #pencilatest_posts_95038                .list-post .header-list-style, #pencilatest_posts_95038 .grid-header-box,\n                #pencilatest_posts_95038 .penci-overlay-over .overlay-header-box,\n                #pencilatest_posts_95038 .home-featured-cat-content .first-post .magcat-detail .mag-header {\n                    padding-bottom: 0;\n                }\n                                                                            <\/style>\n\t\t\t\t\t\t\t<\/div>\n\t\t\t\t<\/div>\n\t\t\t\t\t<\/div>\n\t\t<\/div>\n\t\t\t\t\t<\/div>\n\t\t<\/section>\n\t\t\t\t<\/div>\n\t\t","protected":false},"excerpt":{"rendered":"<p>Nuestro Blog Aqu\u00ed encontrar\u00e1s informaci\u00f3n sobre noticias variadas de negocios, tecnol\u00f3gicas, finanzas y m\u00e1s. Bookmark Inteligencia artificial C\u00f3mo afecta a los ciudadanos la nueva ley de inteligencia artificial de la&hellip;<\/p>\n","protected":false},"author":1,"featured_media":0,"parent":0,"menu_order":0,"comment_status":"closed","ping_status":"closed","template":"page-fullwidth.php","meta":{"content-type":"","_lmt_disableupdate":"","_lmt_disable":"","footnotes":""},"class_list":["post-16","page","type-page","status-publish","hentry"],"_links":{"self":[{"href":"https:\/\/grupoengloba.com\/index.php?rest_route=\/wp\/v2\/pages\/16","targetHints":{"allow":["GET"]}}],"collection":[{"href":"https:\/\/grupoengloba.com\/index.php?rest_route=\/wp\/v2\/pages"}],"about":[{"href":"https:\/\/grupoengloba.com\/index.php?rest_route=\/wp\/v2\/types\/page"}],"author":[{"embeddable":true,"href":"https:\/\/grupoengloba.com\/index.php?rest_route=\/wp\/v2\/users\/1"}],"replies":[{"embeddable":true,"href":"https:\/\/grupoengloba.com\/index.php?rest_route=%2Fwp%2Fv2%2Fcomments&post=16"}],"version-history":[{"count":7,"href":"https:\/\/grupoengloba.com\/index.php?rest_route=\/wp\/v2\/pages\/16\/revisions"}],"predecessor-version":[{"id":1268,"href":"https:\/\/grupoengloba.com\/index.php?rest_route=\/wp\/v2\/pages\/16\/revisions\/1268"}],"wp:attachment":[{"href":"https:\/\/grupoengloba.com\/index.php?rest_route=%2Fwp%2Fv2%2Fmedia&parent=16"}],"curies":[{"name":"wp","href":"https:\/\/api.w.org\/{rel}","templated":true}]}}